{"id":134,"date":"2018-04-10T11:08:19","date_gmt":"2018-04-10T11:08:19","guid":{"rendered":"http:\/\/comgate.fi\/wp-template\/yhteystiedot\/"},"modified":"2026-04-07T15:11:14","modified_gmt":"2026-04-07T12:11:14","slug":"contact-info","status":"publish","type":"page","link":"https:\/\/pyhahippu.fi\/en\/contact-info\/","title":{"rendered":"Contact info"},"content":{"rendered":"<div class=\"wpb-content-wrapper\"><p>[vc_row css_animation=&#8221;&#8221; row_type=&#8221;row&#8221; use_row_as_full_screen_section=&#8221;no&#8221; type=&#8221;full_width&#8221; angled_section=&#8221;no&#8221; text_align=&#8221;left&#8221; background_image_as_pattern=&#8221;without_pattern&#8221;][vc_column]\t\t\t<script src=\"\/\/pyhahippu.fi\/wp-content\/plugins\/revslider\/sr6\/assets\/js\/rbtools.min.js?rev=6.7.38\"><\/script>\n\t\t\t<script src=\"\/\/pyhahippu.fi\/wp-content\/plugins\/revslider\/sr6\/assets\/js\/rs6.min.js?rev=6.7.38\"><\/script>\n\n\t\t\t<!-- START Contact details REVOLUTION SLIDER 6.7.38 --><p class=\"rs-p-wp-fix\"><\/p>\n\t\t\t<rs-module-wrap id=\"rev_slider_14_1_wrapper\" data-source=\"gallery\" style=\"visibility:hidden;background:transparent;padding:0;margin:0px auto;margin-top:0;margin-bottom:0;\">\n\t\t\t\t<rs-module id=\"rev_slider_14_1\" style=\"\" data-version=\"6.7.38\">\n\t\t\t\t\t<rs-slides style=\"overflow: hidden; position: absolute;\">\n\t\t\t\t\t\t<rs-slide style=\"position: absolute;\" data-key=\"rs-33\" data-title=\"Contact details\" data-anim=\"adpr:false;ms:300;\" data-in=\"o:1;x:100%;\">\n\t\t\t\t\t\t\t<img decoding=\"async\" src=\"\/\/pyhahippu.fi\/wp-content\/plugins\/revslider\/sr6\/assets\/assets\/dummy.png\" alt=\"\" title=\"Pyh\u00e4tuntur_Tarmo Rytilahti\" width=\"1000\" height=\"651\" class=\"rev-slidebg tp-rs-img rs-lazyload\" data-lazyload=\"\/\/pyhahippu.fi\/wp-content\/uploads\/2021\/12\/Pyhatuntur_Tarmo-Rytilahti.jpg\" data-parallax=\"off\" data-no-retina>\n<!--\n\t\t\t\t\t\t\t--><h2\n\t\t\t\t\t\t\t\tid=\"slider-14-slide-33-layer-1\" \n\t\t\t\t\t\t\t\tclass=\"rs-layer rs-selectable\"\n\t\t\t\t\t\t\t\tdata-type=\"text\"\n\t\t\t\t\t\t\t\tdata-color=\"#ffffff\"\n\t\t\t\t\t\t\t\tdata-rsp_ch=\"on\"\n\t\t\t\t\t\t\t\tdata-xy=\"x:c;xo:-14px;y:c;yo:-3px;\"\n\t\t\t\t\t\t\t\tdata-text=\"s:56;l:22;ls:0px;fw:700;a:inherit;\"\n\t\t\t\t\t\t\t\tdata-frame_1=\"sR:10;\"\n\t\t\t\t\t\t\t\tdata-frame_999=\"o:0;st:w;sR:8690;\"\n\t\t\t\t\t\t\t\tstyle=\"z-index:5;font-family:'Poppins';text-shadow:1px 1px 2px rgba(0,0,0,.4);\"\n\t\t\t\t\t\t\t>Contact details \n\t\t\t\t\t\t\t<\/h2><!--\n\n\t\t\t\t\t\t\t--><rs-layer\n\t\t\t\t\t\t\t\tid=\"slider-14-slide-33-layer-2\" \n\t\t\t\t\t\t\t\tclass=\"rs-selectable\"\n\t\t\t\t\t\t\t\tdata-type=\"text\"\n\t\t\t\t\t\t\t\tdata-color=\"#ffffff\"\n\t\t\t\t\t\t\t\tdata-rsp_ch=\"on\"\n\t\t\t\t\t\t\t\tdata-xy=\"x:1031px;y:293px;\"\n\t\t\t\t\t\t\t\tdata-text=\"w:normal;fw:200;\"\n\t\t\t\t\t\t\t\tdata-dim=\"w:227px;\"\n\t\t\t\t\t\t\t\tdata-frame_999=\"o:0;st:w;\"\n\t\t\t\t\t\t\t\tstyle=\"z-index:6;font-family:'Poppins';\"\n\t\t\t\t\t\t\t>Photo: Tarmo Rytilahti \n\t\t\t\t\t\t\t<\/rs-layer><!--\n-->\t\t\t\t\t<\/rs-slide>\n\t\t\t\t\t<\/rs-slides>\n\t\t\t\t<\/rs-module>\n\t\t\t\t<script>\n\t\t\t\t\tsetREVStartSize({c: 'rev_slider_14_1',rl:[1240,1024,778,480],el:[320],gw:[1240],gh:[320],type:'hero',justify:'',layout:'fullwidth',mh:\"0\"});if (window.RS_MODULES!==undefined && window.RS_MODULES.modules!==undefined && window.RS_MODULES.modules[\"revslider141\"]!==undefined) {window.RS_MODULES.modules[\"revslider141\"].once = false;window.revapi14 = undefined;if (window.RS_MODULES.checkMinimal!==undefined) window.RS_MODULES.checkMinimal()}\n\t\t\t\t<\/script>\n\t\t\t<\/rs-module-wrap>\n\t\t\t<!-- END REVOLUTION SLIDER -->\n[\/vc_column][\/vc_row][vc_row css_animation=&#8221;&#8221; row_type=&#8221;row&#8221; use_row_as_full_screen_section=&#8221;no&#8221; type=&#8221;full_width&#8221; angled_section=&#8221;no&#8221; text_align=&#8221;left&#8221; background_image_as_pattern=&#8221;without_pattern&#8221; css=&#8221;.vc_custom_1525036574099{padding-top: 3% !important;padding-bottom: 4% !important;}&#8221;][vc_column width=&#8221;5\/12&#8243; offset=&#8221;vc_col-lg-offset-1 vc_col-lg-5 vc_col-md-offset-1 vc_col-md-5&#8243; css=&#8221;.vc_custom_1525060036538{padding-right: 10% !important;}&#8221;][vc_column_text css=&#8221;&#8221;]Pyh\u00e4hippu is cabin rental agency located in Pyh\u00e4 and our family business was started in 1988.<br \/>\nWe rent around 100 cabins, semi-detached houses and terraced apartments. Bike rental is big part of our business<br \/>\nand we rent fatbikes, e-fatbikes and mountain bikes. We have bikes also for children.<\/p>\n<p>Our office is located in the centre of Pyh\u00e4, in the same building as grocery store K-Market Pyh\u00e4tunturi, around the corner and next to the SportBar. Address: Kultakeronkatu 4, 98530 Pyh\u00e4tunturi (Pelkosenniemi).<\/p>\n<h3 class=\"heading-6\">Opening hours<\/h3>\n<p><strong>1.1.2026-30.4.2026<\/strong><\/p>\n<p>Mon-Sat 10-16<\/p>\n<p>Closed on Sundays<\/p>\n<p><strong>1.5.2026-31.5.2026<\/strong><\/p>\n<p>Closed<\/p>\n<p><strong>1.6.2026-30.6.2026<\/strong><\/p>\n<p>Mon-Fri 10-16<\/p>\n<p>Closed on Saturdays and Sundays<\/p>\n<p><strong>Key service<\/strong><\/p>\n<p>Key to the accommodation can be picked up starting from 16:00 from Pyh\u00e4hippu\u2019s office. Outside opening\u00a0 hours keys can be collected with a door code. Door code is provided few days prior arrival via e-mail. Earlier pick up can be inquired by phone +358 16 882 820.[\/vc_column_text][vc_empty_space height=&#8221;15px&#8221;][vc_column_text]PYH\u00c4HIPPU OY<br \/>\nKultakeronkatu 4<br \/>\n98530 Pyh\u00e4tunturi<br \/>\n+358 (0) 16\u00a0882\u00a0820<br \/>\n<a href=\"mailto:info@pyhahippu.fi\">info@pyhahippu.fi<\/a>[\/vc_column_text][vc_column_text]Contact us[\/vc_column_text][vc_empty_space]\n<div class=\"wpcf7 no-js\" id=\"wpcf7-f135-o1\" lang=\"fi\" dir=\"ltr\" data-wpcf7-id=\"135\">\n<div class=\"screen-reader-response\"><p role=\"status\" aria-live=\"polite\" aria-atomic=\"true\"><\/p> <ul><\/ul><\/div>\n<form action=\"\/en\/wp-json\/wp\/v2\/pages\/134#wpcf7-f135-o1\" method=\"post\" class=\"wpcf7-form init default\" aria-label=\"Yhteydenottolomake\" novalidate=\"novalidate\" data-status=\"init\">\n<fieldset class=\"hidden-fields-container\"><input type=\"hidden\" name=\"_wpcf7\" value=\"135\" \/><input type=\"hidden\" name=\"_wpcf7_version\" value=\"6.1.5\" \/><input type=\"hidden\" name=\"_wpcf7_locale\" value=\"fi\" \/><input type=\"hidden\" name=\"_wpcf7_unit_tag\" value=\"wpcf7-f135-o1\" \/><input type=\"hidden\" name=\"_wpcf7_container_post\" value=\"0\" \/><input type=\"hidden\" name=\"_wpcf7_posted_data_hash\" value=\"\" \/><input type=\"hidden\" name=\"_wpcf7_recaptcha_response\" value=\"\" \/>\n<\/fieldset>\n<p><label> Your Name (required)<br \/>\n<span class=\"wpcf7-form-control-wrap\" data-name=\"your-name\"><input size=\"40\" maxlength=\"400\" class=\"wpcf7-form-control wpcf7-text wpcf7-validates-as-required\" aria-required=\"true\" aria-invalid=\"false\" value=\"\" type=\"text\" name=\"your-name\" \/><\/span> <\/label>\n<\/p>\n<p><label> Your Email (required)<br \/>\n<span class=\"wpcf7-form-control-wrap\" data-name=\"your-email\"><input size=\"40\" maxlength=\"400\" class=\"wpcf7-form-control wpcf7-email wpcf7-validates-as-required wpcf7-text wpcf7-validates-as-email\" aria-required=\"true\" aria-invalid=\"false\" value=\"\" type=\"email\" name=\"your-email\" \/><\/span> <\/label>\n<\/p>\n<p><label> Subject<br \/>\n<span class=\"wpcf7-form-control-wrap\" data-name=\"your-subject\"><input size=\"40\" maxlength=\"400\" class=\"wpcf7-form-control wpcf7-text\" aria-invalid=\"false\" value=\"\" type=\"text\" name=\"your-subject\" \/><\/span> <\/label>\n<\/p>\n<p><label> Your Message<br \/>\n<span class=\"wpcf7-form-control-wrap\" data-name=\"your-message\"><textarea cols=\"40\" rows=\"10\" maxlength=\"2000\" class=\"wpcf7-form-control wpcf7-textarea\" aria-invalid=\"false\" name=\"your-message\"><\/textarea><\/span> <\/label>\n<\/p>\n<p><input class=\"wpcf7-form-control wpcf7-submit has-spinner\" type=\"submit\" value=\"Send\" \/>\n<\/p><div class=\"wpcf7-response-output\" aria-hidden=\"true\"><\/div>\n<\/form>\n<\/div>\n[\/vc_column][vc_column width=&#8221;5\/12&#8243;][vc_column_text]<\/p>\n<h2>Our location on map<\/h2>\n<p>[\/vc_column_text][vc_empty_space height=&#8221;22px&#8221;][vc_gmaps link=&#8221;#E-8_JTNDaWZyYW1lJTIwc3JjJTNEJTIyaHR0cHMlM0ElMkYlMkZ3d3cuZ29vZ2xlLmNvbSUyRm1hcHMlMkZlbWJlZCUzRnBiJTNEJTIxMW0xOCUyMTFtMTIlMjExbTMlMjExZDI0OTI0LjM2NzY1MTQzNjc1NCUyMTJkMjcuMjE1NzI1OTgxNTg5NzQyJTIxM2Q2Ny4wMTgzMDIwNDM0Nzc1NSUyMTJtMyUyMTFmMCUyMTJmMCUyMTNmMCUyMTNtMiUyMTFpMTAyNCUyMTJpNzY4JTIxNGYxMy4xJTIxM20zJTIxMW0yJTIxMXMweDQ0MmNjNzQwMDAwMDAwMDElMjUzQTB4OTgyNmI4N2IyNzFiOGNmOCUyMTJzUHloJTI1QzMlMjVBNGhpcHB1JTIxNWUwJTIxM20yJTIxMXNmaSUyMTJzZmklMjE0djE2MjgxNTUzNzk1NzAlMjE1bTIlMjExc2ZpJTIxMnNmaSUyMiUyMHdpZHRoJTNEJTIyNjAwJTIyJTIwaGVpZ2h0JTNEJTIyNDUwJTIyJTIwc3R5bGUlM0QlMjJib3JkZXIlM0EwJTNCJTIyJTIwYWxsb3dmdWxsc2NyZWVuJTNEJTIyJTIyJTIwbG9hZGluZyUzRCUyMmxhenklMjIlM0UlM0MlMkZpZnJhbWUlM0U=&#8221;][\/vc_column][\/vc_row]<\/p>\n<\/div>","protected":false},"excerpt":{"rendered":"<p>[vc_row css_animation=&#8221;&#8221; row_type=&#8221;row&#8221; use_row_as_full_screen_section=&#8221;no&#8221; type=&#8221;full_width&#8221; angled_section=&#8221;no&#8221; text_align=&#8221;left&#8221; background_image_as_pattern=&#8221;without_pattern&#8221;][vc_column][\/vc_column][\/vc_row][vc_row css_animation=&#8221;&#8221; row_type=&#8221;row&#8221; use_row_as_full_screen_section=&#8221;no&#8221; type=&#8221;full_width&#8221; angled_section=&#8221;no&#8221; text_align=&#8221;left&#8221; background_image_as_pattern=&#8221;without_pattern&#8221; css=&#8221;.vc_custom_1525036574099{padding-top: 3% !important;padding-bottom: 4% !important;}&#8221;][vc_column width=&#8221;5\/12&#8243; offset=&#8221;vc_col-lg-offset-1 vc_col-lg-5 vc_col-md-offset-1 vc_col-md-5&#8243; css=&#8221;.vc_custom_1525060036538{padding-right: 10% !important;}&#8221;][vc_column_text css=&#8221;&#8221;]Pyh\u00e4hippu is cabin rental agency located in Pyh\u00e4 and our family business was started in 1988. We&#8230;<\/p>\n","protected":false},"author":1,"featured_media":0,"parent":0,"menu_order":0,"comment_status":"closed","ping_status":"closed","template":"","meta":{"footnotes":""},"class_list":["post-134","page","type-page","status-publish","hentry"],"_links":{"self":[{"href":"https:\/\/pyhahippu.fi\/en\/wp-json\/wp\/v2\/pages\/134","targetHints":{"allow":["GET"]}}],"collection":[{"href":"https:\/\/pyhahippu.fi\/en\/wp-json\/wp\/v2\/pages"}],"about":[{"href":"https:\/\/pyhahippu.fi\/en\/wp-json\/wp\/v2\/types\/page"}],"author":[{"embeddable":true,"href":"https:\/\/pyhahippu.fi\/en\/wp-json\/wp\/v2\/users\/1"}],"replies":[{"embeddable":true,"href":"https:\/\/pyhahippu.fi\/en\/wp-json\/wp\/v2\/comments?post=134"}],"version-history":[{"count":65,"href":"https:\/\/pyhahippu.fi\/en\/wp-json\/wp\/v2\/pages\/134\/revisions"}],"predecessor-version":[{"id":9240,"href":"https:\/\/pyhahippu.fi\/en\/wp-json\/wp\/v2\/pages\/134\/revisions\/9240"}],"wp:attachment":[{"href":"https:\/\/pyhahippu.fi\/en\/wp-json\/wp\/v2\/media?parent=134"}],"curies":[{"name":"wp","href":"https:\/\/api.w.org\/{rel}","templated":true}]}}