{"id":8193,"date":"2025-07-30T10:49:55","date_gmt":"2025-07-30T07:49:55","guid":{"rendered":"https:\/\/pyhahippu.fi\/pyhahippus-adventure-games\/"},"modified":"2025-07-31T15:46:17","modified_gmt":"2025-07-31T12:46:17","slug":"pyhahippus-adventure-games","status":"publish","type":"page","link":"https:\/\/pyhahippu.fi\/en\/pyhahippus-adventure-games\/","title":{"rendered":"Pyh\u00e4hippu&#8217;s adventure games"},"content":{"rendered":"<div class=\"wpb-content-wrapper\"><p>[vc_row css_animation=&#8221;&#8221; row_type=&#8221;row&#8221; use_row_as_full_screen_section=&#8221;no&#8221; type=&#8221;full_width&#8221; angled_section=&#8221;no&#8221; text_align=&#8221;left&#8221; background_image_as_pattern=&#8221;without_pattern&#8221;][vc_column]\t\t\t<script src=\"\/\/pyhahippu.fi\/wp-content\/plugins\/revslider\/sr6\/assets\/js\/rbtools.min.js?rev=6.7.38\"><\/script>\n\t\t\t<script src=\"\/\/pyhahippu.fi\/wp-content\/plugins\/revslider\/sr6\/assets\/js\/rs6.min.js?rev=6.7.38\"><\/script>\n\n\t\t\t<!-- START Yhteystiedot REVOLUTION SLIDER 6.7.38 --><p class=\"rs-p-wp-fix\"><\/p>\n\t\t\t<rs-module-wrap id=\"rev_slider_46_1_wrapper\" data-source=\"gallery\" style=\"visibility:hidden;background:transparent;padding:0;margin:0px auto;margin-top:0;margin-bottom:0;\">\n\t\t\t\t<rs-module id=\"rev_slider_46_1\" style=\"\" data-version=\"6.7.38\">\n\t\t\t\t\t<rs-slides style=\"overflow: hidden; position: absolute;\">\n\t\t\t\t\t\t<rs-slide style=\"position: absolute;\" data-key=\"rs-282\" data-title=\"Slide\" data-in=\"o:0;\" data-out=\"a:false;\">\n\t\t\t\t\t\t\t<img decoding=\"async\" src=\"\/\/pyhahippu.fi\/wp-content\/plugins\/revslider\/sr6\/assets\/assets\/dummy.png\" alt=\"Slide\" title=\"Pyh\u00e4hippu&#8217;s adventure games\" class=\"rev-slidebg tp-rs-img rs-lazyload\" data-lazyload=\"\/\/pyhahippu.fi\/wp-content\/plugins\/revslider\/sr6\/assets\/assets\/transparent.png\" data-parallax=\"off\" data-no-retina>\n<!--\n\t\t\t\t\t\t\t--><rs-layer\n\t\t\t\t\t\t\t\tid=\"slider-46-slide-282-layer-3\" \n\t\t\t\t\t\t\t\tclass=\"rs-selectable\"\n\t\t\t\t\t\t\t\tdata-type=\"image\"\n\t\t\t\t\t\t\t\tdata-rsp_ch=\"on\"\n\t\t\t\t\t\t\t\tdata-xy=\"xo:-236px,-194px,-147px,-90px;yo:-781px,-644px,-489px,-301px;\"\n\t\t\t\t\t\t\t\tdata-text=\"w:normal;s:20,16,12,7;l:0,20,15,9;\"\n\t\t\t\t\t\t\t\tdata-dim=\"w:2560px,2114px,1606px,990px;h:1441px,1189px,903px,557px;\"\n\t\t\t\t\t\t\t\tdata-basealign=\"slide\"\n\t\t\t\t\t\t\t\tdata-frame_999=\"o:0;st:w;\"\n\t\t\t\t\t\t\t\tstyle=\"z-index:5;\"\n\t\t\t\t\t\t\t><img decoding=\"async\" src=\"\/\/pyhahippu.fi\/wp-content\/plugins\/revslider\/sr6\/assets\/assets\/dummy.png\" alt=\"\" class=\"tp-rs-img rs-lazyload\" width=\"2560\" height=\"1441\" data-lazyload=\"\/\/pyhahippu.fi\/wp-content\/uploads\/2024\/05\/Pyhahippu_ulkoa-scaled.jpg\" data-no-retina> \n\t\t\t\t\t\t\t<\/rs-layer><!--\n\n\t\t\t\t\t\t\t--><rs-layer\n\t\t\t\t\t\t\t\tid=\"slider-46-slide-282-layer-4\" \n\t\t\t\t\t\t\t\tclass=\"rs-selectable\"\n\t\t\t\t\t\t\t\tdata-type=\"text\"\n\t\t\t\t\t\t\t\tdata-color=\"#fff\"\n\t\t\t\t\t\t\t\tdata-rsp_ch=\"on\"\n\t\t\t\t\t\t\t\tdata-xy=\"xo:330px,272px,206px,127px;yo:115px,94px,71px,43px;\"\n\t\t\t\t\t\t\t\tdata-text=\"w:normal;s:80,66,50,30;l:90,74,56,34;ls:-4,-3,-2,-1;fw:700;\"\n\t\t\t\t\t\t\t\tdata-dim=\"minh:0px,none,none,none;\"\n\t\t\t\t\t\t\t\tdata-frame_999=\"o:0;st:w;\"\n\t\t\t\t\t\t\t\tstyle=\"z-index:6;font-family:'Poppins';\"\n\t\t\t\t\t\t\t>Yhteystiedot \n\t\t\t\t\t\t\t<\/rs-layer><!--\n-->\t\t\t\t\t<\/rs-slide>\n\t\t\t\t\t<\/rs-slides>\n\t\t\t\t<\/rs-module>\n\t\t\t\t<script>\n\t\t\t\t\tsetREVStartSize({c: 'rev_slider_46_1',rl:[1240,1024,778,480],el:[320,768,960,720],gw:[1240,1024,778,480],gh:[320,768,960,720],type:'hero',justify:'',layout:'fullwidth',mh:\"0\"});if (window.RS_MODULES!==undefined && window.RS_MODULES.modules!==undefined && window.RS_MODULES.modules[\"revslider461\"]!==undefined) {window.RS_MODULES.modules[\"revslider461\"].once = false;window.revapi46 = undefined;if (window.RS_MODULES.checkMinimal!==undefined) window.RS_MODULES.checkMinimal()}\n\t\t\t\t<\/script>\n\t\t\t<\/rs-module-wrap>\n\t\t\t<!-- END REVOLUTION SLIDER -->\n[\/vc_column][\/vc_row][vc_row css_animation=&#8221;&#8221; row_type=&#8221;row&#8221; use_row_as_full_screen_section=&#8221;no&#8221; type=&#8221;full_width&#8221; angled_section=&#8221;no&#8221; text_align=&#8221;left&#8221; background_image_as_pattern=&#8221;without_pattern&#8221; css=&#8221;.vc_custom_1525036574099{padding-top: 3% !important;padding-bottom: 4% !important;}&#8221;][vc_column width=&#8221;5\/12&#8243; offset=&#8221;vc_col-lg-offset-1 vc_col-lg-5 vc_col-md-offset-1 vc_col-md-5&#8243; css=&#8221;.vc_custom_1525060036538{padding-right: 10% !important;}&#8221;][vc_column_text css=&#8221;&#8221;]<\/p>\n<h1>Adventure Game: Find the missing fish of Pyh\u00e4j\u00e4rvi lake (easy)<\/h1>\n<p>The free family bike adventure is here again!<\/p>\n<p>Seven fish have gone missing from Lake Pyh\u00e4j\u00e4rvi. Grab a route map from Pyh\u00e4hippu and set off on an adventure to find the fish. Follow the bike route that circles Lake Pyh\u00e4j\u00e4rvi; the fish have been spotted along the way. The route is approximately 17 km long and takes about 2 hours on an electric bike. The trail goes through various terrains and is suitable for cyclists of all levels. There will be a reward for those who solve the riddle!<\/p>\n<p>You can rent a bike for the adventure from Pyh\u00e4hippu or ride your own bike and pick up the route map from us.<\/p>\n<p>The game is playable from June 12th to October 31st, 2025.<\/p>\n<p>We\u2019re happy to provide the best tips and guidance for your bike adventures. You can also reach us by email at\u00a0<a href=\"mailto:info@pyhahippu.fi\">info@pyhahippu.fi<\/a>\u00a0or by phone at +358 (0) 16 882 820.<\/p>\n<p>Welcome to adventure![\/vc_column_text][vc_empty_space][\/vc_column][vc_column width=&#8221;5\/12&#8243;][vc_column_text css=&#8221;&#8221;]<\/p>\n<h1>Adventure Game: Huttu-Ukko\u2019s Missing Cousins (challenging)<\/h1>\n<p>Free Adventure Game Huttu-Ukko\u2019s Missing Cousins in the Pyh\u00e4-Luosto Area 29.7.-31.10.2025.\u00a0Help Huttu-Ukko uncover the names and home locations of his 20 missing cousins!<\/p>\n<p>Huttu-Ukko\u2019s family is spread far and wide across the Pyh\u00e4-Luosto area, and he has decided to organize a grand family reunion. While most of the invitations have reached their recipients, the letters to 20 of his cousins were returned by the post office \u2014 the names and addresses had gotten all mixed up.<\/p>\n<p>Your task is to find out which cousin is living at each marked location on the map. If you&#8217;re up for an extra challenge, you can try navigating using coordinates only.<\/p>\n<p>Collect the information and submit your list of cousins and their locations to Pyh\u00e4hippu. You can pick up a game card from Pyh\u00e4hippu, or you may record your findings however you prefer \u2014 by taking photos or writing them down.\u00a0Even partial information is helpful in bringing the family together.<\/p>\n<p>All participants will be entered into a draw for a \u20ac200 accommodation gift card to Pyh\u00e4hippu.<\/p>\n<p>The game covers a wide area throughout Pyh\u00e4-Luosto. Please note: you won&#8217;t be able to reach all locations by car \u2014 adventurers will need to travel on foot as well. Follow local signs and traffic regulations. If you&#8217;d like, you can rent a bike from Pyh\u00e4hippu to aid your search.<\/p>\n<p><a href=\"https:\/\/www.google.com\/maps\/d\/edit?mid=176rC9mo24uO0Ht2-KR5hZiPBOrxeOic&amp;usp=sharing\">Open the game map from here<\/a> or from qr-code below<\/p>\n<p><img loading=\"lazy\" decoding=\"async\" class=\"alignnone size-medium wp-image-8160\" src=\"https:\/\/pyhahippu.fi\/wp-content\/uploads\/2025\/07\/Huttu-Ukko-seikkailupeli-QR-koodi-300x300.jpeg\" alt=\"\" width=\"300\" height=\"300\" srcset=\"https:\/\/pyhahippu.fi\/wp-content\/uploads\/2025\/07\/Huttu-Ukko-seikkailupeli-QR-koodi-300x300.jpeg 300w, https:\/\/pyhahippu.fi\/wp-content\/uploads\/2025\/07\/Huttu-Ukko-seikkailupeli-QR-koodi-150x150.jpeg 150w, https:\/\/pyhahippu.fi\/wp-content\/uploads\/2025\/07\/Huttu-Ukko-seikkailupeli-QR-koodi-768x768.jpeg 768w, https:\/\/pyhahippu.fi\/wp-content\/uploads\/2025\/07\/Huttu-Ukko-seikkailupeli-QR-koodi-570x570.jpeg 570w, https:\/\/pyhahippu.fi\/wp-content\/uploads\/2025\/07\/Huttu-Ukko-seikkailupeli-QR-koodi-500x500.jpeg 500w, https:\/\/pyhahippu.fi\/wp-content\/uploads\/2025\/07\/Huttu-Ukko-seikkailupeli-QR-koodi-1000x1000.jpeg 1000w, https:\/\/pyhahippu.fi\/wp-content\/uploads\/2025\/07\/Huttu-Ukko-seikkailupeli-QR-koodi-700x700.jpeg 700w, https:\/\/pyhahippu.fi\/wp-content\/uploads\/2025\/07\/Huttu-Ukko-seikkailupeli-QR-koodi.jpeg 1024w\" sizes=\"auto, (max-width: 300px) 100vw, 300px\" \/>[\/vc_column_text][\/vc_column][vc_column][\/vc_column][\/vc_row]<\/p>\n<\/div>","protected":false},"excerpt":{"rendered":"<p>[vc_row css_animation=&#8221;&#8221; row_type=&#8221;row&#8221; use_row_as_full_screen_section=&#8221;no&#8221; type=&#8221;full_width&#8221; angled_section=&#8221;no&#8221; text_align=&#8221;left&#8221; background_image_as_pattern=&#8221;without_pattern&#8221;][vc_column][\/vc_column][\/vc_row][vc_row css_animation=&#8221;&#8221; row_type=&#8221;row&#8221; use_row_as_full_screen_section=&#8221;no&#8221; type=&#8221;full_width&#8221; angled_section=&#8221;no&#8221; text_align=&#8221;left&#8221; background_image_as_pattern=&#8221;without_pattern&#8221; css=&#8221;.vc_custom_1525036574099{padding-top: 3% !important;padding-bottom: 4% !important;}&#8221;][vc_column width=&#8221;5\/12&#8243; offset=&#8221;vc_col-lg-offset-1 vc_col-lg-5 vc_col-md-offset-1 vc_col-md-5&#8243; css=&#8221;.vc_custom_1525060036538{padding-right: 10% !important;}&#8221;][vc_column_text css=&#8221;&#8221;] Adventure Game: Find the missing fish of Pyh\u00e4j\u00e4rvi lake (easy) The free family bike adventure is&#8230;<\/p>\n","protected":false},"author":17,"featured_media":0,"parent":0,"menu_order":0,"comment_status":"closed","ping_status":"closed","template":"","meta":{"footnotes":""},"class_list":["post-8193","page","type-page","status-publish","hentry"],"_links":{"self":[{"href":"https:\/\/pyhahippu.fi\/en\/wp-json\/wp\/v2\/pages\/8193","targetHints":{"allow":["GET"]}}],"collection":[{"href":"https:\/\/pyhahippu.fi\/en\/wp-json\/wp\/v2\/pages"}],"about":[{"href":"https:\/\/pyhahippu.fi\/en\/wp-json\/wp\/v2\/types\/page"}],"author":[{"embeddable":true,"href":"https:\/\/pyhahippu.fi\/en\/wp-json\/wp\/v2\/users\/17"}],"replies":[{"embeddable":true,"href":"https:\/\/pyhahippu.fi\/en\/wp-json\/wp\/v2\/comments?post=8193"}],"version-history":[{"count":8,"href":"https:\/\/pyhahippu.fi\/en\/wp-json\/wp\/v2\/pages\/8193\/revisions"}],"predecessor-version":[{"id":8206,"href":"https:\/\/pyhahippu.fi\/en\/wp-json\/wp\/v2\/pages\/8193\/revisions\/8206"}],"wp:attachment":[{"href":"https:\/\/pyhahippu.fi\/en\/wp-json\/wp\/v2\/media?parent=8193"}],"curies":[{"name":"wp","href":"https:\/\/api.w.org\/{rel}","templated":true}]}}